{"id":340,"date":"2018-08-26T10:47:38","date_gmt":"2018-08-26T10:47:38","guid":{"rendered":"http:\/\/zts.psoni.czest.pl\/?page_id=340"},"modified":"2022-03-17T10:20:00","modified_gmt":"2022-03-17T10:20:00","slug":"polityka-prywatnosci","status":"publish","type":"page","link":"http:\/\/zts.psoni.czest.pl\/?page_id=340","title":{"rendered":"Polityka prywatno\u015bci"},"content":{"rendered":"\t\t<div data-elementor-type=\"wp-page\" data-elementor-id=\"340\" class=\"elementor elementor-340\">\n\t\t\t\t\t\t<div class=\"elementor-inner\">\n\t\t\t\t<div class=\"elementor-section-wrap\">\n\t\t\t\t\t\t\t\t\t<section class=\"elementor-section elementor-top-section elementor-element elementor-element-21a79d37 elementor-section-boxed elementor-section-height-default elementor-section-height-default\" data-id=\"21a79d37\" data-element_type=\"section\">\n\t\t\t\t\t\t<div class=\"elementor-container elementor-column-gap-default\">\n\t\t\t\t\t\t\t<div class=\"elementor-row\">\n\t\t\t\t\t<div class=\"elementor-column elementor-col-100 elementor-top-column elementor-element elementor-element-11151f44\" data-id=\"11151f44\" data-element_type=\"column\">\n\t\t\t<div class=\"elementor-column-wrap elementor-element-populated\">\n\t\t\t\t\t\t\t<div class=\"elementor-widget-wrap\">\n\t\t\t\t\t\t<div class=\"elementor-element elementor-element-7ab642d4 elementor-widget elementor-widget-text-editor\" data-id=\"7ab642d4\" data-element_type=\"widget\" data-widget_type=\"text-editor.default\">\n\t\t\t\t<div class=\"elementor-widget-container\">\n\t\t\t\t\t\t\t\t<div class=\"elementor-text-editor elementor-clearfix\">\n\t\t\t\t<p>Polityka Cookies<\/p><p>Niniejsza Polityka Prywatnos\u0301ci okres\u0301la zasady przechowywania i doste\u0328pu do informacji na urza\u0328dzeniach Uz\u0307ytkownika za pomoca\u0328 pliko\u0301w Cookies, s\u0142uz\u0307a\u0328cych realizacji us\u0142ug s\u0301wiadczonych droga\u0328 elektroniczna\u0328 z\u0307a\u0328danych przez Uz\u0307ytkownika, przez Polskie Stowarzyszenie na Rzecz Os\u00f3b z Niepe\u0142nosprawno\u015bci\u0105 Intelektualn\u0105 Ko\u0142o w Cz\u0119stochowie z siedziba\u0328 w Cz\u0119stochowie.<\/p><ul><li>1 Definicje<\/li><\/ul><ol><li>Administrator &#8211; oznacza Polskie Stowarzyszenie na Rzecz Os\u00f3b z Niepe\u0142nosprawno\u015bci\u0105 Intelektualn\u0105 Ko\u0142o w Cz\u0119stochowie z siedziba\u0328 w Cz\u0119stochowie (42-217), ul. Waszyngtona 69\/71, wpisana do rejestru przedsie\u0328biorco\u0301w Krajowego Rejestru Sa\u0328dowego prowadzonego przez S\u0105d Rejonowy w Cz\u0119stochowie, XVII Wydzia\u0142 Gospodarczy Krajowego Rejestru S\u0105dowego pod numerem KRS 0000094246, NIP: 5732180932, Regon: 150524630, kto\u0301ry s\u0301wiadczony us\u0142ugi droga\u0328 elektroniczna\u0328 oraz przechowuje i uzyskuje doste\u0328p do informacji w urza\u0328dzeniach Uz\u0307ytkownika.<\/li><li>Cookies &#8211; oznacza dane informatyczne, w szczego\u0301lnos\u0301ci niewielkie pliki tekstowe, zapisywane i przechowywane na urza\u0328dzeniach za pos\u0301rednictwem kto\u0301rych Uz\u0307ytkownik korzysta ze stron internetowych Serwisu.<\/li><li>Cookies Administratora &#8211; oznacza Cookies zamieszczane przez Administratora, zwia\u0328zane ze s\u0301wiadczeniem us\u0142ug droga elektroniczna\u0328 przez Administratora za pos\u0301rednictwem Serwisu.<\/li><li>Cookies Zewne\u0328trzne &#8211; oznacza Cookies zamieszczane przez partnero\u0301w Administratora, za pos\u0301rednictwem strony internetowej Serwisu.<\/li><li>Serwis &#8211; oznacza strone\u0328 internetowa\u0328, pod kto\u0301ra\u0328 Administrator prowadzi serwis internetowy, dzia\u0142aja\u0328ca\u0328 w domenie zts.psoni.czest.pl.<\/li><li>Urza\u0328dzenie &#8211; oznacza elektroniczne urza\u0328dzenie za pos\u0301rednictwem, kto\u0301rego Uz\u0307ytkownik uzyskuje doste\u0328p do stron internetowych Serwisu.<\/li><li>Uz\u0307ytkownik &#8211; oznacza podmiot, na rzecz kto\u0301rego zgodnie z Regulaminem i przepisami prawa moga\u0328 byc\u0301 s\u0301wiadczone us\u0142ugi droga\u0328 elektroniczna\u0328 lub z kto\u0301rym zawarta moz\u0307e byc\u0301 Umowa o s\u0301wiadczenie us\u0142ug droga\u0328 elektroniczna\u0328.<\/li><\/ol><ul><li>2 Rodzaje wykorzystywanych Cookies<\/li><li>Stosowane przez Administratora Cookies sa\u0328 bezpieczne dla Urza\u0328dzenia Uz\u0307ytkownika. W szczego\u0301lnos\u0301ci ta\u0328 droga\u0328 nie jest moz\u0307liwe przedostanie sie\u0328 do Urza\u0328dzen\u0301 Uz\u0307ytkowniko\u0301w wiruso\u0301w lub innego niechcianego oprogramowania lub oprogramowania z\u0142os\u0301liwego. Pliki te pozwalaja\u0328 zidentyfikowac\u0301 oprogramowanie wykorzystywane przez Uz\u0307ytkownika i dostosowac\u0301 Serwis indywidualnie kaz\u0307demu Uz\u0307ytkownikowi. Cookies zazwyczaj zawieraja\u0328 nazwe\u0328 domeny z kto\u0301rej pochodza\u0328, czas przechowywania ich na Urza\u0328dzeniu oraz przypisana\u0328 wartos\u0301c\u0301.<\/li><li>Administrator wykorzystuje dwa typy pliko\u0301w cookies:<ol><li>Cookies sesyjne: sa\u0328 przechowywane na Urza\u0328dzeniu Uz\u0307ytkownika i pozostaja\u0328 tam do momentu zakon\u0301czenia sesji danej przegla\u0328darki. Zapisane informacje sa\u0328 wo\u0301wczas trwale usuwane z pamie\u0328ci Urza\u0328dzenia. Mechanizm cookies sesyjnych nie pozwala na pobieranie jakichkolwiek danych osobowych ani z\u0307adnych informacji poufnych z Urza\u0328dzenia Uz\u0307ytkownika.<\/li><li>Cookies trwa\u0142e: sa\u0328 przechowywane na Urza\u0328dzeniu Uz\u0307ytkownika i pozostaja\u0328 tam do momentu ich skasowania. Zakon\u0301czenie sesji danej przegla\u0328darki lub wy\u0142a\u0328czenie Urza\u0328dzenia nie powoduje ich usunie\u0328cia z Urza\u0328dzenia Uz\u0307ytkownika. Mechanizm cookies trwa\u0142ych nie pozwala na pobieranie jakichkolwiek danych osobowych ani z\u0307adnych informacji poufnych z Urza\u0328dzenia Uz\u0307ytkownika.<\/li><li>Uz\u0307ytkownik ma moz\u0307liwos\u0301c\u0301 ograniczenia lub wy\u0142a\u0328czenia doste\u0328pu pliko\u0301w cookies do swojego Urza\u0328dzenia. W przypadku skorzystania z tej opcji korzystanie ze Serwisu be\u0328dzie moz\u0307liwe, poza funkcjami, kto\u0301re ze swojej natury wymagaja\u0328 pliko\u0301w cookies.<\/li><\/ol><\/li><\/ul><ul><li>3 Cele w jakich wykorzystywane sa\u0328 Cookies<\/li><\/ul><ol><li>Administrator wykorzystuje Cookies w\u0142asne w celu poprawnej konfiguracji serwisu, a w szczego\u0301lnos\u0301ci do:<ol><li>dostosowania zawartos\u0301ci stron internetowych Serwisu do preferencji Uz\u0307ytkownika oraz optymalizacji korzystania ze stron internetowych Serwisu.<\/li><li>rozpoznania urza\u0328dzenia Uz\u0307ytkownika Serwisu oraz jego lokalizacje\u0328 i odpowiednio wys\u0301wietlenia strony internetowej, dostosowanej do jego indywidualnych potrzeb;<\/li><li>zapamie\u0328tania ustawien\u0301 wybranych przez Uz\u0307ytkownika i personalizacji interfejsu Uz\u0307ytkownika, np. w zakresie wybranego je\u0328zyka lub regionu, z kto\u0301rego pochodzi Uz\u0307ytkownik,<\/li><li>zapamie\u0328tania historii odwiedzonych stron w serwisie w celu rekomendacji tres\u0301ci,<\/li><li>rozmiaru czcionki, wygla\u0328du strony internetowej itp.<\/li><\/ol><\/li><li>Administrator wykorzystuje Cookies w\u0142asne w celu uwierzytelniania uz\u0307ytkownika w serwisie i<\/li><\/ol><p>zapewnienia sesji uz\u0307ytkownika w serwisie, a w szczego\u0301lnos\u0301ci do:<\/p><ol><li style=\"list-style-type: none;\"><ol><li>utrzymania sesji Uz\u0307ytkownika Serwisu (po zalogowaniu), dzie\u0328ki kto\u0301rej Uz\u0307ytkownik nie<\/li><\/ol><\/li><\/ol><p>musi na kaz\u0307dej podstronie Serwisu ponownie wpisywac\u0301 loginu i has\u0142a;<\/p><ol><li style=\"list-style-type: none;\"><ol><li>poprawnej konfiguracji wybranych funkcji Serwisu, umoz\u0307liwiaja\u0328c w szczego\u0301lnos\u0301ci<\/li><\/ol><\/li><\/ol><p>weryfikacje\u0328 autentycznos\u0301ci sesji przegla\u0328darki.<\/p><ol><li style=\"list-style-type: none;\"><ol><li>optymalizacji i zwie\u0328kszenia wydajnos\u0301ci us\u0142ug s\u0301wiadczonych przez Administratora.<\/li><\/ol><\/li><li>Administrator wykorzystuje Cookies w\u0142asne w celu realizacji proceso\u0301w niezbe\u0328dnych dla pe\u0142nej funkcjonalnos\u0301ci stron internetowych, a w szczego\u0301lnos\u0301ci do:<ol><li>dostosowania zawartos\u0301ci stron internetowych Serwisu do preferencji Uz\u0307ytkownika oraz optymalizacji korzystania ze stron internetowych Serwisu. W szczego\u0301lnos\u0301ci pliki te pozwalaja\u0328 rozpoznac\u0301 podstawowe parametry Urza\u0328dzenia Uz\u0307ytkownika i odpowiednio wys\u0301wietlic\u0301 strone\u0328 internetowa\u0328, dostosowana\u0328 do jego indywidualnych potrzeb;<\/li><li>poprawnej obs\u0142ugi programu partnerskiego, umoz\u0307liwiaja\u0328c w szczego\u0301lnos\u0301ci weryfikacje\u0328 z\u0301ro\u0301de\u0142 przekierowan\u0301 Uz\u0307ytkowniko\u0301w na strony internetowe Serwisu.<\/li><\/ol><\/li><\/ol><ol><li>Administrator wykorzystuje Cookies w\u0142asne w celu zapamie\u0328tania lokalizacji uz\u0307ytkownika, a w szczego\u0301lnos\u0301ci do poprawnej konfiguracji wybranych funkcji Serwisu, umoz\u0307liwiaja\u0328c w dostosowanie dostarczanych informacji do Uz\u0307ytkownika z uwzgle\u0328dnieniem jego lokalizacji.<\/li><li>Administrator wykorzystuje Cookies w\u0142asne w celu analiz i badan\u0301 oraz audytu ogla\u0328dalnos\u0301ci, a w szczego\u0301lnos\u0301ci do tworzenia anonimowych statystyk, kto\u0301re pomagaja\u0328 zrozumiec\u0301, w jaki sposo\u0301b Uz\u0307ytkownicy Serwisu korzystaja\u0328 ze stron internetowych Serwisu, co umoz\u0307liwia ulepszanie ich struktury i zawartos\u0301ci.<\/li><li>Administrator wykorzystuje Cookies w\u0142asne w celu s\u0301wiadczenia us\u0142ug reklamowych, a w szczego\u0301lnos\u0301ci do dostosowania prezentowanych za pos\u0301rednictwem Serwisu reklam us\u0142ug i produkto\u0301w firm trzecich.<\/li><li>Administrator us\u0142ugi wykorzystuje Cookies zewne\u0328trzne w celu zalogowania do serwisu za pomoca\u0328 serwisu spo\u0142ecznos\u0301ciowego poprzez Facebook Connect (administrator cookies zewne\u0328trznego: Facebook Inc z siedziba\u0328 w USA lub Facebook Ireland z siedziba\u0328 w Irlandii).<\/li><li>Administrator us\u0142ugi wykorzystuje Cookies zewne\u0328trzne w celu zalogowania do serwisu za pomoca\u0328 serwisu spo\u0142ecznos\u0301ciowego Google (administrator cookies zewne\u0328trznego: Google Inc z siedziba\u0328 w USA).<\/li><li>Administrator us\u0142ugi wykorzystuje Cookies zewne\u0328trzne w celu zalogowania do serwisu za pomoca\u0328 serwisu spo\u0142ecznos\u0301ciowego LinkedIn (administrator cookies zewne\u0328trznego: LinkedIn Ireland Limited z siedziba\u0328 w Irlandii).<\/li><li>Administrator us\u0142ugi wykorzystuje Cookies zewne\u0328trzne w celu popularyzacji serwisu za pomoca\u0328 serwiso\u0301w spo\u0142ecznos\u0301ciowych plus.google.com (administrator cookies zewne\u0328trznego: Google Inc z siedziba\u0328 w USA).<\/li><li>Administrator us\u0142ugi wykorzystuje Cookies zewne\u0328trzne w celu popularyzacji serwisu za pomoca\u0328 serwiso\u0301w spo\u0142ecznos\u0301ciowych Facebook.com (administrator cookies zewne\u0328trznego: Facebook Inc z siedziba\u0328 w USA lub Facebook Ireland z siedziba\u0328 w Irlandii).<\/li><\/ol><ul><li>4 Moz\u0307liwos\u0301ci okres\u0301lenia warunko\u0301w przechowywania<\/li><\/ul><p>lub uzyskiwania doste\u0328pu przez Cookies<\/p><ol><li>Uz\u0307ytkownik moz\u0307e samodzielnie i w kaz\u0307dym czasie zmienic\u0301 ustawienia dotycza\u0328ce pliko\u0301w Cookies, okres\u0301laja\u0328c warunki ich przechowywania i uzyskiwania doste\u0328pu przez pliki Cookies do Urza\u0328dzenia Uz\u0307ytkownika. Zmiany ustawien\u0301, o kto\u0301rych mowa w zdaniu poprzednim, Uz\u0307ytkownik moz\u0307e dokonac\u0301 za pomoca\u0328 ustawien\u0301 przegla\u0328darki internetowej lub za pomoca\u0328 konfiguracji us\u0142ugi. Ustawienia te moga\u0328 zostac\u0301 zmienione w szczego\u0301lnos\u0301ci w taki sposo\u0301b, aby blokowac\u0301 automatyczna\u0328 obs\u0142uge\u0328 pliko\u0301w cookies w ustawieniach przegla\u0328darki internetowej ba\u0328dz\u0301 informowac\u0301 o ich kaz\u0307dorazowym zamieszczeniu Cookies na urza\u0328dzeniu Uz\u0307ytkownika. Szczego\u0301\u0142owe informacje o moz\u0307liwos\u0301ci i sposobach obs\u0142ugi pliko\u0301w cookies doste\u0328pne sa\u0328 w ustawieniach oprogramowania (przegla\u0328darki internetowej).<\/li><\/ol><ol><li>Uz\u0307ytkownik moz\u0307e w kaz\u0307dej chwili usuna\u0328c\u0301 pliki Cookies korzystaja\u0328c z doste\u0328pnych funkcji w przegla\u0328darce internetowej, kto\u0301rej uz\u0307ywa.<\/li><li>Ograniczenie stosowania pliko\u0301w Cookies, moz\u0307e wp\u0142yna\u0328c\u0301 na niekto\u0301re funkcjonalnos\u0301ci doste\u0328pne na stronie internetowej Serwisu.<\/li><\/ol><p>Inspektor ochrony danych: \u00a0<a href=\"mailto:iod@psoni.czest.pl\" target=\"_blank\" rel=\"noopener\">iod@psoni.czest.pl<\/a><\/p>\t\t\t\t\t<\/div>\n\t\t\t\t\t\t<\/div>\n\t\t\t\t<\/div>\n\t\t\t\t\t\t<\/div>\n\t\t\t\t\t<\/div>\n\t\t<\/div>\n\t\t\t\t\t\t\t\t<\/div>\n\t\t\t\t\t<\/div>\n\t\t<\/section>\n\t\t\t\t\t\t\t\t\t<\/div>\n\t\t\t<\/div>\n\t\t\t\t\t<\/div>\n\t\t","protected":false},"excerpt":{"rendered":"<p>Polityka Cookies Niniejsza Polityka Prywatnos\u0301ci okres\u0301la zasady przechowywania i doste\u0328pu do informacji na urza\u0328dzeniach Uz\u0307ytkownika za pomoca\u0328 pliko\u0301w Cookies, s\u0142uz\u0307a\u0328cych realizacji us\u0142ug s\u0301wiadczonych droga\u0328 elektroniczna\u0328 z\u0307a\u0328danych przez Uz\u0307ytkownika, przez Polskie Stowarzyszenie na Rzecz Os\u00f3b z Niepe\u0142nosprawno\u015bci\u0105 Intelektualn\u0105 Ko\u0142o w Cz\u0119stochowie z siedziba\u0328 w Cz\u0119stochowie. 1 Definicje Administrator &#8211; oznacza Polskie Stowarzyszenie na Rzecz Os\u00f3b z [&hellip;]<\/p>\n","protected":false},"author":1,"featured_media":0,"parent":0,"menu_order":0,"comment_status":"closed","ping_status":"closed","template":"","meta":[],"_links":{"self":[{"href":"http:\/\/zts.psoni.czest.pl\/index.php?rest_route=\/wp\/v2\/pages\/340"}],"collection":[{"href":"http:\/\/zts.psoni.czest.pl\/index.php?rest_route=\/wp\/v2\/pages"}],"about":[{"href":"http:\/\/zts.psoni.czest.pl\/index.php?rest_route=\/wp\/v2\/types\/page"}],"author":[{"embeddable":true,"href":"http:\/\/zts.psoni.czest.pl\/index.php?rest_route=\/wp\/v2\/users\/1"}],"replies":[{"embeddable":true,"href":"http:\/\/zts.psoni.czest.pl\/index.php?rest_route=%2Fwp%2Fv2%2Fcomments&post=340"}],"version-history":[{"count":5,"href":"http:\/\/zts.psoni.czest.pl\/index.php?rest_route=\/wp\/v2\/pages\/340\/revisions"}],"predecessor-version":[{"id":1404,"href":"http:\/\/zts.psoni.czest.pl\/index.php?rest_route=\/wp\/v2\/pages\/340\/revisions\/1404"}],"wp:attachment":[{"href":"http:\/\/zts.psoni.czest.pl\/index.php?rest_route=%2Fwp%2Fv2%2Fmedia&parent=340"}],"curies":[{"name":"wp","href":"https:\/\/api.w.org\/{rel}","templated":true}]}}